{"id":328,"date":"2026-01-18T21:10:58","date_gmt":"2026-01-18T21:10:58","guid":{"rendered":"https:\/\/matthieu-bissieres-echecs.com\/?page_id=328"},"modified":"2026-01-19T06:16:27","modified_gmt":"2026-01-19T06:16:27","slug":"services-personnalises-2","status":"publish","type":"page","link":"https:\/\/matthieu-bissieres-echecs.com\/index.php\/services-personnalises-2\/","title":{"rendered":"Services personnalis\u00e9s"},"content":{"rendered":"\n<div style=\"height:13px\" aria-hidden=\"true\" class=\"wp-block-spacer\"><\/div>\n\n\n\n<h1 class=\"wp-block-heading alignwide has-text-align-center has-x-large-font-size\">Services personnalis\u00e9s<\/h1>\n\n\n\n<p class=\"has-text-align-center has-medium-font-size\">Vous d\u00e9sirez faire un bilan de comp\u00e9tences \u00e9chiqu\u00e9ennes ou bien travailler un th\u00e8me particulier ? <br>Matthieu Bissi\u00e8res Echecs vous propose toute une panoplie de services personnalis\u00e9s pour tous les go\u00fbts.<\/p>\n\n\n\n<p class=\"has-text-align-center has-medium-font-size\"><strong><em><mark style=\"background-color:rgba(0, 0, 0, 0);color:#cf2e2e\" class=\"has-inline-color\">Accompagnements en tournoi : <\/mark><mark style=\"background-color:rgba(0, 0, 0, 0);color:#00d084\" class=\"has-inline-color\">NOUVEAU<\/mark><\/em><\/strong><\/p>\n\n\n\n<div class=\"wp-block-group alignwide is-vertical is-content-justification-center is-layout-flex wp-container-core-group-is-layout-791cfa49 wp-block-group-is-layout-flex\" style=\"margin-top:0;margin-bottom:0;padding-top:0;padding-right:0;padding-bottom:0;padding-left:0\">\n<p class=\"has-text-align-left\"><strong>M<\/strong>atthieu <strong>B<\/strong>issi\u00e8res <strong>E<\/strong>checs vous propose un accompagnement personnalis\u00e9 lors de vos tournois :<br><br>&#8211; Formule analyse de parties.<br>&#8211; Formule analyse\u00a0et pr\u00e9paration de parties.<br><br>Un suivi id\u00e9al pour r\u00e9ussir au mieux vos tournois.<br><br><strong><strong>Tarif : <a href=\"https:\/\/matthieu-bissieres-echecs.com\/index.php\/contact\/\" data-type=\"page\" data-id=\"263\"><strong><a href=\"https:\/\/matthieu-bissieres-echecs.com\/index.php\/contact\/\" data-type=\"page\" data-id=\"263\"><mark style=\"background-color:rgba(0, 0, 0, 0)\" class=\"has-inline-color has-ast-global-color-1-color\">devis sur demande<\/mark><\/a><\/strong><\/a><\/strong><\/strong><\/p>\n<\/div>\n\n\n\n<p class=\"has-text-align-center has-medium-font-size\"><strong><em><mark style=\"background-color:rgba(0, 0, 0, 0);color:#cf2e2e\" class=\"has-inline-color\">Bilan de comp\u00e9tences :<\/mark><\/em><\/strong><\/p>\n\n\n\n<div class=\"wp-block-group alignwide is-vertical is-content-justification-center is-layout-flex wp-container-core-group-is-layout-791cfa49 wp-block-group-is-layout-flex\" style=\"margin-top:0;margin-bottom:0;padding-top:0;padding-right:0;padding-bottom:0;padding-left:0\">\n<p class=\"has-text-align-left\">Vous d\u00e9sirez suivre des cours ou travailler vous m\u00eame les \u00e9checs ? <br>Avant tout, pensez \u00e0 faire \u00e9valuer vos forces et faiblesses par un Entra\u00eeneur reconnu.<br>La raison principale qui fait que beaucoup de joueurs ne progressent plus, m\u00eame en travaillant les \u00e9checs r\u00e9guli\u00e8rement, <br>est qu&rsquo;ils ne savent pas dans quelle direction orienter leur travail.<br><br><strong>M<\/strong>atthieu&nbsp;<strong>B<\/strong>issi\u00e8res&nbsp;<strong>E<\/strong>checs vous propose de faire un bilan de comp\u00e9tences qui inclura \u00e9galement des pistes de travail.<br><br>Envoyez une dizaine de parties r\u00e9centes et repr\u00e9sentatives de votre jeu (de pr\u00e9f\u00e9rence comment\u00e9es par vos soins) <br>et vous recevrez votre bilan rapidement.<br><br><strong>Tarif : 55\u20ac<\/strong><\/p>\n<\/div>\n\n\n\n<p class=\"has-text-align-center has-medium-font-size\"><strong><em><mark style=\"background-color:rgba(0, 0, 0, 0);color:#cf2e2e\" class=\"has-inline-color\">R\u00e9pertoire d&rsquo;ouvertures :<\/mark><\/em><\/strong><\/p>\n\n\n\n<div class=\"wp-block-group alignwide is-vertical is-content-justification-center is-layout-flex wp-container-core-group-is-layout-791cfa49 wp-block-group-is-layout-flex\" style=\"margin-top:0;margin-bottom:0;padding-top:0;padding-right:0;padding-bottom:0;padding-left:0\">\n<p class=\"has-text-align-left\">Quoi de plus d\u00e9sagr\u00e9able que de perdre une partie suite \u00e0 une faute dans l&rsquo;ouverture ? Le travail des ouvertures doit pouvoir <br>vous apporter une s\u00e9r\u00e9nit\u00e9 et une assurance d\u00e8s le d\u00e9but de la partie.<br><br>Que vous ayez d\u00e9j\u00e0 un r\u00e9pertoire \u00e0 am\u00e9liorer ou que vous souhaitiez d\u00e9couvrir de nouveaux d\u00e9buts,\u00a0<br><strong>M<\/strong>atthieu\u00a0<strong>B<\/strong>issi\u00e8res\u00a0<strong>E<\/strong>checs vous apportera toute une panoplie de solutions pour vous constituer <br>un r\u00e9pertoire sur mesure en tenant compte de vos forces et faiblesses.<br><br><strong>Tarif : <a href=\"https:\/\/matthieu-bissieres-echecs.com\/index.php\/contact\/\" data-type=\"page\" data-id=\"263\"><strong><a href=\"https:\/\/matthieu-bissieres-echecs.com\/index.php\/contact\/\" data-type=\"page\" data-id=\"263\"><mark style=\"background-color:rgba(0, 0, 0, 0)\" class=\"has-inline-color has-ast-global-color-1-color\">devis sur demande<\/mark><\/a><\/strong><\/a><\/strong><br><em>Les prix peuvent varier en fonction de la demande de l&rsquo;\u00e9l\u00e8ve et des ouvertures choisies.<\/em><\/p>\n<\/div>\n\n\n\n<div style=\"height:10px\" aria-hidden=\"true\" class=\"wp-block-spacer\"><\/div>\n\n\n\n<p class=\"has-text-align-center has-medium-font-size\"><strong><em><mark style=\"background-color:rgba(0, 0, 0, 0);color:#cf2e2e\" class=\"has-inline-color\">Parties de r\u00e9f\u00e9rence : <\/mark><\/em><\/strong><\/p>\n\n\n\n<div class=\"wp-block-group alignwide is-vertical is-content-justification-center is-layout-flex wp-container-core-group-is-layout-791cfa49 wp-block-group-is-layout-flex\" style=\"margin-top:0;margin-bottom:0;padding-top:0;padding-right:0;padding-bottom:0;padding-left:0\">\n<p class=\"has-text-align-left\">Les parties de r\u00e9f\u00e9rence permettent d&rsquo;illustrer parfaitement un th\u00e8me, une ouverture ou encore une finale. <a href=\"https:\/\/matthieu-bissieres-echecs.com\/index.php\/contact\/\" data-type=\"page\" data-id=\"263\">Contactez <\/a><br><strong>M<\/strong>atthieu <strong>B<\/strong>issi\u00e8res <strong>E<\/strong>checs en faisant part de vos recherches et vous recevrez une (ou plusieurs) partie(s) de r\u00e9f\u00e9rence annot\u00e9e(s).<br><br><strong>Tarif : 5\u20ac\/partie<\/strong><\/p>\n<\/div>\n\n\n\n<p class=\"has-text-align-center has-medium-font-size\"><strong><em><mark style=\"background-color:rgba(0, 0, 0, 0);color:#cf2e2e\" class=\"has-inline-color\"><strong><em>Pr\u00e9paration au Championnat de France des Jeunes :<\/em><\/strong><\/mark><\/em><\/strong><\/p>\n\n\n\n<div class=\"wp-block-group alignwide is-vertical is-content-justification-center is-layout-flex wp-container-core-group-is-layout-791cfa49 wp-block-group-is-layout-flex\" style=\"margin-top:0;margin-bottom:0;padding-top:0;padding-right:0;padding-bottom:0;padding-left:0\">\n<p class=\"has-text-align-left\">Vous venez de vous qualifier pour le Championnat de France des Jeunes mais vous ne voulez pas vous y rendre en \u00ab\u00a0touriste\u00a0\u00bb ?<br><strong>M<\/strong>atthieu&nbsp;<strong>B<\/strong>issi\u00e8res&nbsp;<strong>E<\/strong>checs vous offre la possibilit\u00e9 de vous pr\u00e9parer \u00e0 ce grand \u00e9v\u00e8nement <br>au moyens de cours et supports personnalis\u00e9s pour combler toutes vos lacunes.<br><br><strong>Tarif : 150\u20ac<\/strong><\/p>\n<\/div>\n\n\n\n<div style=\"height:24px\" aria-hidden=\"true\" class=\"wp-block-spacer\"><\/div>\n","protected":false},"excerpt":{"rendered":"<p>Services personnalis\u00e9s Vous d\u00e9sirez faire un bilan de comp\u00e9tences \u00e9chiqu\u00e9ennes ou bien travailler un th\u00e8me particulier ? Matthieu Bissi\u00e8res Echecs [&hellip;]<\/p>\n","protected":false},"author":2,"featured_media":0,"parent":0,"menu_order":0,"comment_status":"closed","ping_status":"closed","template":"","meta":{"site-sidebar-layout":"default","site-content-layout":"","ast-site-content-layout":"default","site-content-style":"default","site-sidebar-style":"default","ast-global-header-display":"","ast-banner-title-visibility":"","ast-main-header-display":"","ast-hfb-above-header-display":"","ast-hfb-below-header-display":"","ast-hfb-mobile-header-display":"","site-post-title":"disabled","ast-breadcrumbs-content":"","ast-featured-img":"","footer-sml-layout":"","ast-disable-related-posts":"","theme-transparent-header-meta":"","adv-header-id-meta":"","stick-header-meta":"","header-above-stick-meta":"","header-main-stick-meta":"","header-below-stick-meta":"","astra-migrate-meta-layouts":"default","ast-page-background-enabled":"default","ast-page-background-meta":{"desktop":{"background-color":"var(--ast-global-color-5)","background-image":"","background-repeat":"repeat","background-position":"center center","background-size":"auto","background-attachment":"scroll","background-type":"","background-media":"","overlay-type":"","overlay-color":"","overlay-opacity":"","overlay-gradient":""},"tablet":{"background-color":"","background-image":"","background-repeat":"repeat","background-position":"center center","background-size":"auto","background-attachment":"scroll","background-type":"","background-media":"","overlay-type":"","overlay-color":"","overlay-opacity":"","overlay-gradient":""},"mobile":{"background-color":"","background-image":"","background-repeat":"repeat","background-position":"center center","background-size":"auto","background-attachment":"scroll","background-type":"","background-media":"","overlay-type":"","overlay-color":"","overlay-opacity":"","overlay-gradient":""}},"ast-content-background-meta":{"desktop":{"background-color":"var(--ast-global-color-4)","background-image":"","background-repeat":"repeat","background-position":"center center","background-size":"auto","background-attachment":"scroll","background-type":"","background-media":"","overlay-type":"","overlay-color":"","overlay-opacity":"","overlay-gradient":""},"tablet":{"background-color":"var(--ast-global-color-4)","background-image":"","background-repeat":"repeat","background-position":"center center","background-size":"auto","background-attachment":"scroll","background-type":"","background-media":"","overlay-type":"","overlay-color":"","overlay-opacity":"","overlay-gradient":""},"mobile":{"background-color":"var(--ast-global-color-4)","background-image":"","background-repeat":"repeat","background-position":"center center","background-size":"auto","background-attachment":"scroll","background-type":"","background-media":"","overlay-type":"","overlay-color":"","overlay-opacity":"","overlay-gradient":""}},"footnotes":""},"class_list":["post-328","page","type-page","status-publish","hentry"],"_links":{"self":[{"href":"https:\/\/matthieu-bissieres-echecs.com\/index.php\/wp-json\/wp\/v2\/pages\/328","targetHints":{"allow":["GET"]}}],"collection":[{"href":"https:\/\/matthieu-bissieres-echecs.com\/index.php\/wp-json\/wp\/v2\/pages"}],"about":[{"href":"https:\/\/matthieu-bissieres-echecs.com\/index.php\/wp-json\/wp\/v2\/types\/page"}],"author":[{"embeddable":true,"href":"https:\/\/matthieu-bissieres-echecs.com\/index.php\/wp-json\/wp\/v2\/users\/2"}],"replies":[{"embeddable":true,"href":"https:\/\/matthieu-bissieres-echecs.com\/index.php\/wp-json\/wp\/v2\/comments?post=328"}],"version-history":[{"count":9,"href":"https:\/\/matthieu-bissieres-echecs.com\/index.php\/wp-json\/wp\/v2\/pages\/328\/revisions"}],"predecessor-version":[{"id":374,"href":"https:\/\/matthieu-bissieres-echecs.com\/index.php\/wp-json\/wp\/v2\/pages\/328\/revisions\/374"}],"wp:attachment":[{"href":"https:\/\/matthieu-bissieres-echecs.com\/index.php\/wp-json\/wp\/v2\/media?parent=328"}],"curies":[{"name":"wp","href":"https:\/\/api.w.org\/{rel}","templated":true}]}}