{"id":318,"date":"2026-01-18T20:51:56","date_gmt":"2026-01-18T20:51:56","guid":{"rendered":"https:\/\/matthieu-bissieres-echecs.com\/?page_id=318"},"modified":"2026-01-19T06:15:22","modified_gmt":"2026-01-19T06:15:22","slug":"stages","status":"publish","type":"page","link":"https:\/\/matthieu-bissieres-echecs.com\/index.php\/stages\/","title":{"rendered":"Stages"},"content":{"rendered":"\n<div style=\"height:9px\" aria-hidden=\"true\" class=\"wp-block-spacer\"><\/div>\n\n\n\n<h1 class=\"wp-block-heading has-text-align-center has-x-large-font-size\">Stages<\/h1>\n\n\n\n<p class=\"has-text-align-center has-medium-font-size\"><strong><em><mark style=\"background-color:rgba(0, 0, 0, 0);color:#cf2e2e\" class=\"has-inline-color\">Stages en clubs, comit\u00e9s d\u00e9partementaux et ligues :<\/mark><\/em><\/strong><\/p>\n\n\n\n<div class=\"wp-block-group alignwide is-vertical is-content-justification-center is-layout-flex wp-container-core-group-is-layout-791cfa49 wp-block-group-is-layout-flex\" style=\"margin-top:0;margin-bottom:0;padding-top:0;padding-right:0;padding-bottom:0;padding-left:0\">\n<p>Vous d\u00e9sirez proposer un stage d&rsquo;\u00e9checs intensif pour vos adh\u00e9rents ?<br>De nombreuses formules de stages sont disponibles en fonction du niveau des participants, du temps et des objectifs.<br><strong>Tarif : <a href=\"https:\/\/matthieu-bissieres-echecs.com\/index.php\/contact\/\" data-type=\"page\" data-id=\"263\"><mark style=\"background-color:rgba(0, 0, 0, 0)\" class=\"has-inline-color has-ast-global-color-1-color\">devis sur demande<\/mark><\/a><\/strong><\/p>\n<\/div>\n\n\n\n<p class=\"has-text-align-center has-medium-font-size\"><strong><em><mark style=\"background-color:rgba(0, 0, 0, 0);color:#cf2e2e\" class=\"has-inline-color\">Formations dipl\u00f4mantes :<\/mark><\/em><\/strong><\/p>\n\n\n\n<figure class=\"wp-block-image aligncenter size-full is-resized\"><img loading=\"lazy\" decoding=\"async\" width=\"640\" height=\"480\" src=\"https:\/\/matthieu-bissieres-echecs.com\/wp-content\/uploads\/2026\/01\/FormationDAFFE.jpg\" alt=\"\" class=\"wp-image-312\" style=\"width:487px;height:auto\" srcset=\"https:\/\/matthieu-bissieres-echecs.com\/wp-content\/uploads\/2026\/01\/FormationDAFFE.jpg 640w, https:\/\/matthieu-bissieres-echecs.com\/wp-content\/uploads\/2026\/01\/FormationDAFFE-300x225.jpg 300w\" sizes=\"auto, (max-width: 640px) 100vw, 640px\" \/><figcaption class=\"wp-element-caption\">Stage D.A.F.F.E. 1 co-anim\u00e9 avec Stephen BOYD \u00e0 N\u00eemes en 2010.<\/figcaption><\/figure>\n\n\n\n<div class=\"wp-block-group alignwide is-vertical is-content-justification-center is-layout-flex wp-container-core-group-is-layout-791cfa49 wp-block-group-is-layout-flex\" style=\"margin-top:0;margin-bottom:0;padding-top:0;padding-right:0;padding-bottom:0;padding-left:0\">\n<p>Vous \u00eates un club formateur, un comit\u00e9 d\u00e9partemental ou une ligue d\u00e9sireuse de former des animateurs d&rsquo;\u00e9checs ? <br>Matthieu Bissi\u00e8res Echecs peut mettre un formateur dipl\u00f4m\u00e9 \u00e0 votre disposition.<br><br>Formations diplomantes de la F\u00e9d\u00e9ration Fran\u00e7aise des Echecs :<\/p>\n\n\n\n<ul class=\"wp-block-list\">\n<li><strong>D.I.F.F.E. : Initiateur. <a href=\"http:\/\/www.echecs.asso.fr\/Reglements\/441.pdf\" data-type=\"link\" data-id=\"http:\/\/www.echecs.asso.fr\/Reglements\/441.pdf\">(fiche descriptive)<\/a><\/strong><\/li>\n\n\n\n<li><strong>D.A.F.F.E. 1er degr\u00e9 : Animateur. <a href=\"http:\/\/www.echecs.asso.fr\/Reglements\/451.pdf\" data-type=\"link\" data-id=\"http:\/\/www.echecs.asso.fr\/Reglements\/451.pdf\">(fiche descriptive)<\/a><\/strong><\/li>\n\n\n\n<li><strong>D.A.F.F.E. 2\u00e8me degr\u00e9 : Educateur. <a href=\"http:\/\/www.echecs.asso.fr\/Reglements\/461.pdf\" data-type=\"link\" data-id=\"http:\/\/www.echecs.asso.fr\/Reglements\/461.pdf\">(fiche descriptive)<\/a><\/strong><\/li>\n\n\n\n<li><strong>D.E.F.F.E. 1er degr\u00e9 : Entra\u00eeneur. <a href=\"http:\/\/www.echecs.asso.fr\/Reglements\/481.pdf\" data-type=\"link\" data-id=\"http:\/\/www.echecs.asso.fr\/Reglements\/481.pdf\">(fiche descriptive)<\/a><\/strong><\/li>\n<\/ul>\n<\/div>\n\n\n\n<div style=\"height:6px\" aria-hidden=\"true\" class=\"wp-block-spacer\"><\/div>\n\n\n\n<div class=\"wp-block-group alignwide is-vertical is-content-justification-center is-layout-flex wp-container-core-group-is-layout-791cfa49 wp-block-group-is-layout-flex\" style=\"margin-top:0;margin-bottom:0;padding-top:0;padding-right:0;padding-bottom:0;padding-left:0\">\n<p>Vous d\u00e9sirez proposer un stage d&rsquo;\u00e9checs intensif pour vos adh\u00e9rents ?<br>De nombreuses formules de stages sont disponibles en fonction du niveau des participants, du temps et des objectifs.<br><strong>Tarif : <a href=\"https:\/\/matthieu-bissieres-echecs.com\/index.php\/contact\/\" data-type=\"page\" data-id=\"263\"><mark style=\"background-color:rgba(0, 0, 0, 0)\" class=\"has-inline-color has-ast-global-color-1-color\">devis sur demande<\/mark><\/a><\/strong><\/p>\n<\/div>\n\n\n\n<p class=\"has-text-align-center has-medium-font-size\"><strong><em><mark style=\"background-color:rgba(0, 0, 0, 0);color:#cf2e2e\" class=\"has-inline-color\">Formations aux Outils informatiques :<\/mark><\/em><\/strong><\/p>\n\n\n\n<figure class=\"wp-block-image aligncenter size-large is-resized\"><img loading=\"lazy\" decoding=\"async\" width=\"1024\" height=\"853\" src=\"https:\/\/matthieu-bissieres-echecs.com\/wp-content\/uploads\/2026\/01\/formation_chessbase-1024x853.jpg\" alt=\"\" class=\"wp-image-313\" style=\"width:467px;height:auto\" srcset=\"https:\/\/matthieu-bissieres-echecs.com\/wp-content\/uploads\/2026\/01\/formation_chessbase-1024x853.jpg 1024w, https:\/\/matthieu-bissieres-echecs.com\/wp-content\/uploads\/2026\/01\/formation_chessbase-300x250.jpg 300w, https:\/\/matthieu-bissieres-echecs.com\/wp-content\/uploads\/2026\/01\/formation_chessbase-768x639.jpg 768w, https:\/\/matthieu-bissieres-echecs.com\/wp-content\/uploads\/2026\/01\/formation_chessbase.jpg 1147w\" sizes=\"auto, (max-width: 1024px) 100vw, 1024px\" \/><\/figure>\n\n\n\n<div class=\"wp-block-group alignwide is-vertical is-content-justification-center is-layout-flex wp-container-core-group-is-layout-791cfa49 wp-block-group-is-layout-flex\" style=\"margin-top:0;margin-bottom:0;padding-top:0;padding-right:0;padding-bottom:0;padding-left:0\">\n<p>A l\u2019heure de l\u2019ordinateur et d\u2019Internet, les \u00e9checs ont beaucoup \u00e9volu\u00e9. Aujourd\u2019hui, il serait vraiment regrettable de ne pas profiter <br>de ces formidables outils mis \u00e0 notre disposition. Sp\u00e9cialiste des nouvelles technologies au service du noble jeu, <br>Matthieu Bissi\u00e8res Echecs propose des formations aux principaux logiciels (ChessBase, Diagtransfer, ChessAssistant\u2026).<br><strong>Tarif : <a href=\"https:\/\/matthieu-bissieres-echecs.com\/index.php\/contact\/\" data-type=\"page\" data-id=\"263\"><mark style=\"background-color:rgba(0, 0, 0, 0)\" class=\"has-inline-color has-ast-global-color-1-color\">devis sur demande<\/mark><\/a><\/strong><\/p>\n<\/div>\n\n\n\n<div style=\"height:16px\" aria-hidden=\"true\" class=\"wp-block-spacer\"><\/div>\n\n\n\n<p><\/p>\n","protected":false},"excerpt":{"rendered":"<p>Stages Stages en clubs, comit\u00e9s d\u00e9partementaux et ligues : Vous d\u00e9sirez proposer un stage d&rsquo;\u00e9checs intensif pour vos adh\u00e9rents ?De [&hellip;]<\/p>\n","protected":false},"author":2,"featured_media":0,"parent":0,"menu_order":0,"comment_status":"closed","ping_status":"closed","template":"","meta":{"site-sidebar-layout":"default","site-content-layout":"","ast-site-content-layout":"default","site-content-style":"default","site-sidebar-style":"default","ast-global-header-display":"","ast-banner-title-visibility":"","ast-main-header-display":"","ast-hfb-above-header-display":"","ast-hfb-below-header-display":"","ast-hfb-mobile-header-display":"","site-post-title":"disabled","ast-breadcrumbs-content":"","ast-featured-img":"","footer-sml-layout":"","ast-disable-related-posts":"","theme-transparent-header-meta":"","adv-header-id-meta":"","stick-header-meta":"","header-above-stick-meta":"","header-main-stick-meta":"","header-below-stick-meta":"","astra-migrate-meta-layouts":"default","ast-page-background-enabled":"default","ast-page-background-meta":{"desktop":{"background-color":"var(--ast-global-color-5)","background-image":"","background-repeat":"repeat","background-position":"center center","background-size":"auto","background-attachment":"scroll","background-type":"","background-media":"","overlay-type":"","overlay-color":"","overlay-opacity":"","overlay-gradient":""},"tablet":{"background-color":"","background-image":"","background-repeat":"repeat","background-position":"center center","background-size":"auto","background-attachment":"scroll","background-type":"","background-media":"","overlay-type":"","overlay-color":"","overlay-opacity":"","overlay-gradient":""},"mobile":{"background-color":"","background-image":"","background-repeat":"repeat","background-position":"center center","background-size":"auto","background-attachment":"scroll","background-type":"","background-media":"","overlay-type":"","overlay-color":"","overlay-opacity":"","overlay-gradient":""}},"ast-content-background-meta":{"desktop":{"background-color":"var(--ast-global-color-4)","background-image":"","background-repeat":"repeat","background-position":"center center","background-size":"auto","background-attachment":"scroll","background-type":"","background-media":"","overlay-type":"","overlay-color":"","overlay-opacity":"","overlay-gradient":""},"tablet":{"background-color":"var(--ast-global-color-4)","background-image":"","background-repeat":"repeat","background-position":"center center","background-size":"auto","background-attachment":"scroll","background-type":"","background-media":"","overlay-type":"","overlay-color":"","overlay-opacity":"","overlay-gradient":""},"mobile":{"background-color":"var(--ast-global-color-4)","background-image":"","background-repeat":"repeat","background-position":"center center","background-size":"auto","background-attachment":"scroll","background-type":"","background-media":"","overlay-type":"","overlay-color":"","overlay-opacity":"","overlay-gradient":""}},"footnotes":""},"class_list":["post-318","page","type-page","status-publish","hentry"],"_links":{"self":[{"href":"https:\/\/matthieu-bissieres-echecs.com\/index.php\/wp-json\/wp\/v2\/pages\/318","targetHints":{"allow":["GET"]}}],"collection":[{"href":"https:\/\/matthieu-bissieres-echecs.com\/index.php\/wp-json\/wp\/v2\/pages"}],"about":[{"href":"https:\/\/matthieu-bissieres-echecs.com\/index.php\/wp-json\/wp\/v2\/types\/page"}],"author":[{"embeddable":true,"href":"https:\/\/matthieu-bissieres-echecs.com\/index.php\/wp-json\/wp\/v2\/users\/2"}],"replies":[{"embeddable":true,"href":"https:\/\/matthieu-bissieres-echecs.com\/index.php\/wp-json\/wp\/v2\/comments?post=318"}],"version-history":[{"count":3,"href":"https:\/\/matthieu-bissieres-echecs.com\/index.php\/wp-json\/wp\/v2\/pages\/318\/revisions"}],"predecessor-version":[{"id":372,"href":"https:\/\/matthieu-bissieres-echecs.com\/index.php\/wp-json\/wp\/v2\/pages\/318\/revisions\/372"}],"wp:attachment":[{"href":"https:\/\/matthieu-bissieres-echecs.com\/index.php\/wp-json\/wp\/v2\/media?parent=318"}],"curies":[{"name":"wp","href":"https:\/\/api.w.org\/{rel}","templated":true}]}}