{"id":294,"date":"2026-01-18T20:38:17","date_gmt":"2026-01-18T20:38:17","guid":{"rendered":"https:\/\/matthieu-bissieres-echecs.com\/?page_id=294"},"modified":"2026-01-19T06:15:59","modified_gmt":"2026-01-19T06:15:59","slug":"cours","status":"publish","type":"page","link":"https:\/\/matthieu-bissieres-echecs.com\/index.php\/cours\/","title":{"rendered":"Cours"},"content":{"rendered":"\n<div style=\"height:13px\" aria-hidden=\"true\" class=\"wp-block-spacer\"><\/div>\n\n\n\n<h1 class=\"wp-block-heading alignwide has-text-align-center has-x-large-font-size\">Cours<\/h1>\n\n\n\n<p class=\"has-text-align-center has-medium-font-size\">Pour tous les cours propos\u00e9s dans cette rubrique, les supports de cours sont distribu\u00e9s \u00e0 chaque s\u00e9ance et du travail est \u00e9galement propos\u00e9 en pr\u00e9paration du prochain cours.<\/p>\n\n\n\n<p class=\"has-text-align-center has-medium-font-size\"><strong><em><mark style=\"background-color:rgba(0, 0, 0, 0);color:#cf2e2e\" class=\"has-inline-color\">Cours particuliers sur Internet :<\/mark><\/em><\/strong><\/p>\n\n\n\n<figure class=\"wp-block-image aligncenter size-large is-resized\"><img loading=\"lazy\" decoding=\"async\" width=\"1024\" height=\"576\" src=\"https:\/\/matthieu-bissieres-echecs.com\/wp-content\/uploads\/2026\/01\/playchess-1024x576.jpg\" alt=\"\" class=\"wp-image-295\" style=\"width:646px;height:auto\" srcset=\"https:\/\/matthieu-bissieres-echecs.com\/wp-content\/uploads\/2026\/01\/playchess-1024x576.jpg 1024w, https:\/\/matthieu-bissieres-echecs.com\/wp-content\/uploads\/2026\/01\/playchess-300x169.jpg 300w, https:\/\/matthieu-bissieres-echecs.com\/wp-content\/uploads\/2026\/01\/playchess-768x432.jpg 768w, https:\/\/matthieu-bissieres-echecs.com\/wp-content\/uploads\/2026\/01\/playchess-1536x864.jpg 1536w, https:\/\/matthieu-bissieres-echecs.com\/wp-content\/uploads\/2026\/01\/playchess.jpg 1920w\" sizes=\"auto, (max-width: 1024px) 100vw, 1024px\" \/><\/figure>\n\n\n\n<div class=\"wp-block-group alignwide is-vertical is-content-justification-center is-layout-flex wp-container-core-group-is-layout-791cfa49 wp-block-group-is-layout-flex\" style=\"margin-top:0;margin-bottom:0;padding-top:0;padding-right:0;padding-bottom:0;padding-left:0\">\n<p class=\"has-text-align-left\">Un vrai cours particulier chez soi devant son ordinateur ! Branchez Skype et Playchess et profitez de la le\u00e7on.<br><strong>Tarif : 40\u20ac\/heure.<\/strong><\/p>\n<\/div>\n\n\n\n<p class=\"has-text-align-center has-medium-font-size\"><strong><em><mark style=\"background-color:rgba(0, 0, 0, 0);color:#cf2e2e\" class=\"has-inline-color\">Cours particuliers \u00e0 domicile :<\/mark><\/em><\/strong><\/p>\n\n\n\n<div class=\"wp-block-group alignwide is-vertical is-content-justification-center is-layout-flex wp-container-core-group-is-layout-791cfa49 wp-block-group-is-layout-flex\" style=\"margin-top:0;margin-bottom:0;padding-top:0;padding-right:0;padding-bottom:0;padding-left:0\">\n<p class=\"has-text-align-left\">Le cours classique \u00e0 domicile. Apr\u00e8s une analyse minutieuse de vos parties et un point sur vos objectifs, <br>nous \u00e9laborerons un plan de travail sur le court et long terme.<br><strong>Tarif : 45\u20ac\/heure.<\/strong><\/p>\n<\/div>\n\n\n\n<p class=\"has-text-align-center has-medium-font-size\"><strong><em><mark style=\"background-color:rgba(0, 0, 0, 0);color:#cf2e2e\" class=\"has-inline-color\">Conf\u00e9rences en ligne :<\/mark><\/em><\/strong><\/p>\n\n\n\n<div class=\"wp-block-group alignwide is-vertical is-content-justification-center is-layout-flex wp-container-core-group-is-layout-791cfa49 wp-block-group-is-layout-flex\" style=\"margin-top:0;margin-bottom:0;padding-top:0;padding-right:0;padding-bottom:0;padding-left:0\">\n<p class=\"has-text-align-left\">Vous d\u00e9sirez travailler les \u00e9checs en petits groupes de niveau ou suivre une conf\u00e9rence <br>sur un sujet pr\u00e9cis (histoire du jeu, champions\u2026), contactez-nous pour d\u00e9finir au mieux vos attentes.<br><strong>Tarif : <a href=\"https:\/\/matthieu-bissieres-echecs.com\/index.php\/contact\/\" data-type=\"page\" data-id=\"263\"><mark style=\"background-color:rgba(0, 0, 0, 0)\" class=\"has-inline-color has-ast-global-color-1-color\">devis sur demande<\/mark><\/a><\/strong><\/p>\n<\/div>\n\n\n\n<div style=\"height:13px\" aria-hidden=\"true\" class=\"wp-block-spacer\"><\/div>\n\n\n\n<p class=\"has-text-align-center has-medium-font-size\"><strong><em><mark style=\"background-color:rgba(0, 0, 0, 0);color:#cf2e2e\" class=\"has-inline-color\">Cours par correspondance : <\/mark><mark style=\"background-color:rgba(0, 0, 0, 0);color:#00d084\" class=\"has-inline-color\">NOUVEAUX NIVEAUX<\/mark><\/em><\/strong><\/p>\n\n\n\n<div class=\"wp-block-group alignwide is-vertical is-content-justification-center is-layout-flex wp-container-core-group-is-layout-791cfa49 wp-block-group-is-layout-flex\" style=\"margin-top:0;margin-bottom:0;padding-top:0;padding-right:0;padding-bottom:0;padding-left:0\">\n<p class=\"has-text-align-left\">Travailler les \u00e9checs \u00e0 distance sur le mode des cours par correspondance ? C&rsquo;est d\u00e9sormais possible. Apr\u00e8s examen du niveau de l&rsquo;\u00e9l\u00e8ve, <br>des fiches vous seront propos\u00e9es avec exercices et contr\u00f4les de connaissances. Une excellente solution pour progresser \u00e0 son rythme.<br><strong>Tarif : <a href=\"https:\/\/matthieu-bissieres-echecs.com\/index.php\/contact\/\" data-type=\"page\" data-id=\"263\"><strong><a href=\"https:\/\/matthieu-bissieres-echecs.com\/index.php\/contact\/\" data-type=\"page\" data-id=\"263\"><mark style=\"background-color:rgba(0, 0, 0, 0)\" class=\"has-inline-color has-ast-global-color-1-color\">devis sur demande<\/mark><\/a><\/strong><\/a><\/strong><\/p>\n<\/div>\n\n\n\n<p class=\"has-text-align-center has-medium-font-size\"><strong><em><mark style=\"background-color:rgba(0, 0, 0, 0);color:#cf2e2e\" class=\"has-inline-color\"><strong><em>Cours collectifs en clubs, comit\u00e9s et ligues :<\/em><\/strong><\/mark><\/em><\/strong><\/p>\n\n\n\n<div class=\"wp-block-group alignwide is-vertical is-content-justification-center is-layout-flex wp-container-core-group-is-layout-791cfa49 wp-block-group-is-layout-flex\" style=\"margin-top:0;margin-bottom:0;padding-top:0;padding-right:0;padding-bottom:0;padding-left:0\">\n<figure class=\"wp-block-image size-full\"><img loading=\"lazy\" decoding=\"async\" width=\"173\" height=\"130\" src=\"https:\/\/matthieu-bissieres-echecs.com\/wp-content\/uploads\/2026\/01\/stage_avi.jpg\" alt=\"\" class=\"wp-image-302\"\/><\/figure>\n\n\n\n<p class=\"has-text-align-left\">Envie de proposer un cours d&rsquo;\u00e9checs dans votre structure ? Possibilit\u00e9 de cours en groupe, tous niveaux.<br><strong>Tarif : <a href=\"https:\/\/matthieu-bissieres-echecs.com\/index.php\/contact\/\" data-type=\"page\" data-id=\"263\"><strong><a href=\"https:\/\/matthieu-bissieres-echecs.com\/index.php\/contact\/\" data-type=\"page\" data-id=\"263\"><mark style=\"background-color:rgba(0, 0, 0, 0)\" class=\"has-inline-color has-ast-global-color-1-color\">devis sur demande<\/mark><\/a><\/strong><\/a><\/strong><\/p>\n<\/div>\n\n\n\n<p class=\"has-text-align-center has-medium-font-size\"><strong><em><mark style=\"background-color:rgba(0, 0, 0, 0);color:#cf2e2e\" class=\"has-inline-color\"><strong><em>Cours scolaires (\u00e9coles, coll\u00e8ges\u2026) :<\/em><\/strong><\/mark><\/em><\/strong><\/p>\n\n\n\n<div class=\"wp-block-group alignwide is-vertical is-content-justification-center is-layout-flex wp-container-core-group-is-layout-791cfa49 wp-block-group-is-layout-flex\" style=\"margin-top:0;margin-bottom:0;padding-top:0;padding-right:0;padding-bottom:0;padding-left:0\">\n<figure class=\"wp-block-image size-full\"><img loading=\"lazy\" decoding=\"async\" width=\"300\" height=\"249\" src=\"https:\/\/matthieu-bissieres-echecs.com\/wp-content\/uploads\/2026\/01\/math_clip_art_02.jpg\" alt=\"\" class=\"wp-image-303\"\/><\/figure>\n\n\n\n<p class=\"has-text-align-left\">Vous voulez cr\u00e9er un atelier \u00e9checs dans votre \u00e9tablissement ? Matthieu Bissi\u00e8res Echecs peut s&rsquo;en charger.<br><strong>Tarif : 35-40\u20ac\/heure selon le secteur.<\/strong><\/p>\n<\/div>\n\n\n\n<div style=\"height:24px\" aria-hidden=\"true\" class=\"wp-block-spacer\"><\/div>\n","protected":false},"excerpt":{"rendered":"<p>Cours Pour tous les cours propos\u00e9s dans cette rubrique, les supports de cours sont distribu\u00e9s \u00e0 chaque s\u00e9ance et du [&hellip;]<\/p>\n","protected":false},"author":2,"featured_media":0,"parent":0,"menu_order":0,"comment_status":"closed","ping_status":"closed","template":"","meta":{"site-sidebar-layout":"default","site-content-layout":"","ast-site-content-layout":"default","site-content-style":"default","site-sidebar-style":"default","ast-global-header-display":"","ast-banner-title-visibility":"","ast-main-header-display":"","ast-hfb-above-header-display":"","ast-hfb-below-header-display":"","ast-hfb-mobile-header-display":"","site-post-title":"disabled","ast-breadcrumbs-content":"","ast-featured-img":"","footer-sml-layout":"","ast-disable-related-posts":"","theme-transparent-header-meta":"","adv-header-id-meta":"","stick-header-meta":"","header-above-stick-meta":"","header-main-stick-meta":"","header-below-stick-meta":"","astra-migrate-meta-layouts":"default","ast-page-background-enabled":"default","ast-page-background-meta":{"desktop":{"background-color":"var(--ast-global-color-5)","background-image":"","background-repeat":"repeat","background-position":"center center","background-size":"auto","background-attachment":"scroll","background-type":"","background-media":"","overlay-type":"","overlay-color":"","overlay-opacity":"","overlay-gradient":""},"tablet":{"background-color":"","background-image":"","background-repeat":"repeat","background-position":"center center","background-size":"auto","background-attachment":"scroll","background-type":"","background-media":"","overlay-type":"","overlay-color":"","overlay-opacity":"","overlay-gradient":""},"mobile":{"background-color":"","background-image":"","background-repeat":"repeat","background-position":"center center","background-size":"auto","background-attachment":"scroll","background-type":"","background-media":"","overlay-type":"","overlay-color":"","overlay-opacity":"","overlay-gradient":""}},"ast-content-background-meta":{"desktop":{"background-color":"var(--ast-global-color-4)","background-image":"","background-repeat":"repeat","background-position":"center center","background-size":"auto","background-attachment":"scroll","background-type":"","background-media":"","overlay-type":"","overlay-color":"","overlay-opacity":"","overlay-gradient":""},"tablet":{"background-color":"var(--ast-global-color-4)","background-image":"","background-repeat":"repeat","background-position":"center center","background-size":"auto","background-attachment":"scroll","background-type":"","background-media":"","overlay-type":"","overlay-color":"","overlay-opacity":"","overlay-gradient":""},"mobile":{"background-color":"var(--ast-global-color-4)","background-image":"","background-repeat":"repeat","background-position":"center center","background-size":"auto","background-attachment":"scroll","background-type":"","background-media":"","overlay-type":"","overlay-color":"","overlay-opacity":"","overlay-gradient":""}},"footnotes":""},"class_list":["post-294","page","type-page","status-publish","hentry"],"_links":{"self":[{"href":"https:\/\/matthieu-bissieres-echecs.com\/index.php\/wp-json\/wp\/v2\/pages\/294","targetHints":{"allow":["GET"]}}],"collection":[{"href":"https:\/\/matthieu-bissieres-echecs.com\/index.php\/wp-json\/wp\/v2\/pages"}],"about":[{"href":"https:\/\/matthieu-bissieres-echecs.com\/index.php\/wp-json\/wp\/v2\/types\/page"}],"author":[{"embeddable":true,"href":"https:\/\/matthieu-bissieres-echecs.com\/index.php\/wp-json\/wp\/v2\/users\/2"}],"replies":[{"embeddable":true,"href":"https:\/\/matthieu-bissieres-echecs.com\/index.php\/wp-json\/wp\/v2\/comments?post=294"}],"version-history":[{"count":14,"href":"https:\/\/matthieu-bissieres-echecs.com\/index.php\/wp-json\/wp\/v2\/pages\/294\/revisions"}],"predecessor-version":[{"id":384,"href":"https:\/\/matthieu-bissieres-echecs.com\/index.php\/wp-json\/wp\/v2\/pages\/294\/revisions\/384"}],"wp:attachment":[{"href":"https:\/\/matthieu-bissieres-echecs.com\/index.php\/wp-json\/wp\/v2\/media?parent=294"}],"curies":[{"name":"wp","href":"https:\/\/api.w.org\/{rel}","templated":true}]}}