{"id":17,"date":"2025-10-08T19:08:42","date_gmt":"2025-10-08T19:08:42","guid":{"rendered":"https:\/\/matthieu-bissieres-echecs.com\/?page_id=17"},"modified":"2026-03-04T07:35:00","modified_gmt":"2026-03-04T07:35:00","slug":"accueil","status":"publish","type":"page","link":"http:\/\/matthieu-bissieres-echecs.com\/","title":{"rendered":"Accueil"},"content":{"rendered":"\n<div class=\"wp-block-media-text alignwide is-stacked-on-mobile\" style=\"grid-template-columns:41% auto\"><figure class=\"wp-block-media-text__media\"><img loading=\"lazy\" decoding=\"async\" width=\"960\" height=\"720\" src=\"https:\/\/matthieu-bissieres-echecs.com\/wp-content\/uploads\/2025\/10\/content.jpg\" alt=\"\" class=\"wp-image-85 size-full\" srcset=\"http:\/\/matthieu-bissieres-echecs.com\/wp-content\/uploads\/2025\/10\/content.jpg 960w, http:\/\/matthieu-bissieres-echecs.com\/wp-content\/uploads\/2025\/10\/content-300x225.jpg 300w, http:\/\/matthieu-bissieres-echecs.com\/wp-content\/uploads\/2025\/10\/content-768x576.jpg 768w\" sizes=\"auto, (max-width: 960px) 100vw, 960px\" \/><\/figure><div class=\"wp-block-media-text__content\">\n<p class=\"has-text-align-center has-medium-font-size\">Je m&rsquo;appelle Matthieu Bissi\u00e8res et j&rsquo;ai 41 ans. <br>Je vis en couple et suis l&rsquo;heureux papa d&rsquo;un gar\u00e7on de 11 ans. <br>Je suis <strong>Ma\u00eetre International<\/strong> avec un classement Elo autour de 2400.<br>Je suis \u00e9galement <strong>Ma\u00eetre Entra\u00eeneur<\/strong> et<strong> Entra\u00eeneur FIDE <\/strong>depuis de nombreuses ann\u00e9es.<br><br>Apr\u00e8s avoir appris les \u00e9checs tr\u00e8s jeune, je me suis rapidement inscrit dans un club d&rsquo;\u00e9checs dans mon d\u00e9partement d&rsquo;origine (Vaucluse). C&rsquo;\u00e9tait en 1989. Depuis, le jeu d&rsquo;\u00e9checs ne m&rsquo;a jamais quitt\u00e9. Rapidement champion d\u00e9partemental puis r\u00e9gional, j&rsquo;ai particip\u00e9 \u00e0 une quinzaine de championnats de France dans les cat\u00e9gories jeunes, me classant jusqu&rsquo;\u00e0 la premi\u00e8re place ex-aequo en 2001. Ces r\u00e9sultats m&rsquo;ont permis d&rsquo;int\u00e9grer l\u2019\u00c9quipe de France des Jeunes avec \u00e0 la cl\u00e9, la participation aux stages mais aussi \u00e0 une <strong>Coupe d&rsquo;Europ<\/strong>e ainsi qu&rsquo;un <strong>Championnat du Monde<\/strong>.<br><\/p>\n\n\n\n<p class=\"has-text-align-center has-medium-font-size\">J&rsquo;appr\u00e9cie \u00e9galement le jeu par \u00e9quipe que j&rsquo;ai pratiqu\u00e9 \u00e0 tous les niveaux jusqu&rsquo;au <strong>Top Jeunes<\/strong> et au <strong>Top 16 adultes<\/strong> pendant plusieurs saisons.<\/p>\n<\/div><\/div>\n\n\n\n<div style=\"height:36px\" aria-hidden=\"true\" class=\"wp-block-spacer\"><\/div>\n\n\n\n<div class=\"wp-block-media-text has-media-on-the-right is-stacked-on-mobile\" style=\"grid-template-columns:auto 43%\"><div class=\"wp-block-media-text__content\">\n<p class=\"has-text-align-center has-medium-font-size\">Toujours passionn\u00e9 par l\u2019entra\u00eenement, c\u2019est tout naturellement que j\u2019ai choisi cette voie afin de transmettre mes connaissances par le biais de cours et stages. L\u2019aventure a commenc\u00e9 en 2006 quand j\u2019ai int\u00e9gr\u00e9 le club de Pau Henri IV. J\u2019avais donn\u00e9 de nombreux cours auparavant mais cette fois-ci, j\u2019allais en faire mon m\u00e9tier. L\u2019exp\u00e9rience a \u00e9t\u00e9 une vraie r\u00e9ussite, j\u2019avais trouv\u00e9 ma voie.<br>En 2009, j\u2019ai fait le choix de quitter le B\u00e9arn pour venir int\u00e9grer le Club de Corbas Mions (Rh\u00f4ne), petit club Rhodanien en plein essor. La dynamique de ses dirigeants et la consolidation de l\u2019\u00e9cole d\u2019\u00e9checs a amen\u00e9 ce club jusqu\u2019\u00e0 la premi\u00e8re division et aujourd\u2019hui, le club de Corbas Mions est le premier de la R\u00e9gion depuis plusieurs ann\u00e9es. En 2025, nous avons obtenus le titre de&nbsp;<strong>meilleur club de France<\/strong>&nbsp;avec 3 titres de&nbsp;<strong>champions de France des jeunes.<\/strong><\/p>\n\n\n\n<p class=\"has-text-align-center has-medium-font-size\">En parall\u00e8le de cette aventure, j\u2019ai cr\u00e9\u00e9 ma propre \u00e9cole d\u2019\u00e9checs il y a 15 ans pour dispenser des cours et stages de tous niveaux. De nombreux \u00e9l\u00e8ves ont obtenu d\u2019excellents r\u00e9sultats sur les sc\u00e8nes nationale et internationale. J\u2019ai \u00e0 mon actif&nbsp;<strong>plus d\u2019une dizaine de champions de France<\/strong>, des \u00e9l\u00e8ves ayant obtenus des titres&nbsp;<strong>(Ma\u00eetre FIDE, Ma\u00eetre International et m\u00eame Grand Ma\u00eetre International).<\/strong> Le point d\u2019orgue de cette exp\u00e9rience a \u00e9t\u00e9 ma nomination comme&nbsp;<strong>entra\u00eeneur de l\u2019\u00c9quipe de France<\/strong>&nbsp;il y a 11 ans. Cette fonction que j\u2019occupe toujours est chronophage mais passionnante et me permet de coacher les meilleurs jeunes lors des stages et championnats internationaux. Apr\u00e8s y avoir particip\u00e9 en tant que joueur, m\u2019y voici de l\u2019autre c\u00f4t\u00e9. On peut dire que la boucle est boucl\u00e9e !<\/p>\n<\/div><figure class=\"wp-block-media-text__media\"><img loading=\"lazy\" decoding=\"async\" width=\"800\" height=\"533\" src=\"http:\/\/matthieu-bissieres-echecs.com\/wp-content\/uploads\/2025\/10\/matthieuNI.jpeg\" alt=\"\" class=\"wp-image-22 size-full\" srcset=\"http:\/\/matthieu-bissieres-echecs.com\/wp-content\/uploads\/2025\/10\/matthieuNI.jpeg 800w, http:\/\/matthieu-bissieres-echecs.com\/wp-content\/uploads\/2025\/10\/matthieuNI-300x200.jpeg 300w, http:\/\/matthieu-bissieres-echecs.com\/wp-content\/uploads\/2025\/10\/matthieuNI-768x512.jpeg 768w\" sizes=\"auto, (max-width: 800px) 100vw, 800px\" \/><\/figure><\/div>\n","protected":false},"excerpt":{"rendered":"<p>Je m&rsquo;appelle Matthieu Bissi\u00e8res et j&rsquo;ai 41 ans. Je vis en couple et suis l&rsquo;heureux papa d&rsquo;un gar\u00e7on de 11 [&hellip;]<\/p>\n","protected":false},"author":2,"featured_media":0,"parent":0,"menu_order":0,"comment_status":"closed","ping_status":"closed","template":"","meta":{"site-sidebar-layout":"no-sidebar","site-content-layout":"","ast-site-content-layout":"full-width-container","site-content-style":"boxed","site-sidebar-style":"default","ast-global-header-display":"","ast-banner-title-visibility":"","ast-main-header-display":"","ast-hfb-above-header-display":"","ast-hfb-below-header-display":"","ast-hfb-mobile-header-display":"","site-post-title":"","ast-breadcrumbs-content":"","ast-featured-img":"","footer-sml-layout":"","ast-disable-related-posts":"","theme-transparent-header-meta":"","adv-header-id-meta":"","stick-header-meta":"","header-above-stick-meta":"","header-main-stick-meta":"","header-below-stick-meta":"","astra-migrate-meta-layouts":"default","ast-page-background-enabled":"default","ast-page-background-meta":{"desktop":{"background-color":"var(--ast-global-color-5)","background-image":"","background-repeat":"repeat","background-position":"center center","background-size":"auto","background-attachment":"scroll","background-type":"","background-media":"","overlay-type":"","overlay-color":"","overlay-opacity":"","overlay-gradient":""},"tablet":{"background-color":"","background-image":"","background-repeat":"repeat","background-position":"center center","background-size":"auto","background-attachment":"scroll","background-type":"","background-media":"","overlay-type":"","overlay-color":"","overlay-opacity":"","overlay-gradient":""},"mobile":{"background-color":"","background-image":"","background-repeat":"repeat","background-position":"center center","background-size":"auto","background-attachment":"scroll","background-type":"","background-media":"","overlay-type":"","overlay-color":"","overlay-opacity":"","overlay-gradient":""}},"ast-content-background-meta":{"desktop":{"background-color":"var(--ast-global-color-4)","background-image":"","background-repeat":"repeat","background-position":"center center","background-size":"auto","background-attachment":"scroll","background-type":"","background-media":"","overlay-type":"","overlay-color":"","overlay-opacity":"","overlay-gradient":""},"tablet":{"background-color":"var(--ast-global-color-4)","background-image":"","background-repeat":"repeat","background-position":"center center","background-size":"auto","background-attachment":"scroll","background-type":"","background-media":"","overlay-type":"","overlay-color":"","overlay-opacity":"","overlay-gradient":""},"mobile":{"background-color":"var(--ast-global-color-4)","background-image":"","background-repeat":"repeat","background-position":"center center","background-size":"auto","background-attachment":"scroll","background-type":"","background-media":"","overlay-type":"","overlay-color":"","overlay-opacity":"","overlay-gradient":""}},"footnotes":""},"class_list":["post-17","page","type-page","status-publish","hentry"],"_links":{"self":[{"href":"http:\/\/matthieu-bissieres-echecs.com\/index.php\/wp-json\/wp\/v2\/pages\/17","targetHints":{"allow":["GET"]}}],"collection":[{"href":"http:\/\/matthieu-bissieres-echecs.com\/index.php\/wp-json\/wp\/v2\/pages"}],"about":[{"href":"http:\/\/matthieu-bissieres-echecs.com\/index.php\/wp-json\/wp\/v2\/types\/page"}],"author":[{"embeddable":true,"href":"http:\/\/matthieu-bissieres-echecs.com\/index.php\/wp-json\/wp\/v2\/users\/2"}],"replies":[{"embeddable":true,"href":"http:\/\/matthieu-bissieres-echecs.com\/index.php\/wp-json\/wp\/v2\/comments?post=17"}],"version-history":[{"count":85,"href":"http:\/\/matthieu-bissieres-echecs.com\/index.php\/wp-json\/wp\/v2\/pages\/17\/revisions"}],"predecessor-version":[{"id":391,"href":"http:\/\/matthieu-bissieres-echecs.com\/index.php\/wp-json\/wp\/v2\/pages\/17\/revisions\/391"}],"wp:attachment":[{"href":"http:\/\/matthieu-bissieres-echecs.com\/index.php\/wp-json\/wp\/v2\/media?parent=17"}],"curies":[{"name":"wp","href":"https:\/\/api.w.org\/{rel}","templated":true}]}}